{"id":346,"date":"2025-06-29T17:42:40","date_gmt":"2025-06-29T17:42:40","guid":{"rendered":"https:\/\/preprod.satlx.net\/dev\/?page_id=346"},"modified":"2025-07-25T11:25:15","modified_gmt":"2025-07-25T11:25:15","slug":"mentions-legales","status":"publish","type":"page","link":"https:\/\/satlx.net\/en\/mentions-legales\/","title":{"rendered":"Mentions l\u00e9gales"},"content":{"rendered":"\n<section class=\"bandeau-home w-full relative mt-20\">\n                        \n            <picture>\n                <!-- Image pour mobile -->\n                                    <source srcset=\"https:\/\/satlx.net\/wp-content\/uploads\/2025\/07\/SATLX_bandeau-mobile.webp\"\n                            class=\"w-full h-auto\" media=\"(max-width: 767px)\">\n                \n                <!-- Image desktop -->\n                                    <img decoding=\"async\" src=\"https:\/\/satlx.net\/wp-content\/uploads\/2025\/05\/SATLX_bandeau-pages.webp\"\n                         class=\"w-full h-auto\"\n                         alt=\"\">\n                            <\/picture>\n\n            <!-- Filtre overlay -->\n            <div class=\"filter absolute inset-0\" style=\"background: linear-gradient(180deg, rgba(32, 55, 117, 0) 0%, #203775 90%);\"><\/div>\n\n            <!-- Contenu centr\u00e9 -->\n            <div class=\"contenu absolute inset-0 flex flex-col justify-center text-white z-10\">\n                <div class=\"container mx-auto block pr-6 lg:pr-20\">\n                    <div class=\"w-full\">\n                        <h1 class=\"font-black text-3xl lg:text-5xl 2xl:text-6xl mb-6 2xl:mb-10\" data-aos=\"fade-up\" data-aos-duration=\"1400\">\n                            Mentions l\u00e9gales                        <\/h1>\n                        <p class=\"text-lg 2xl:text-xl mb-10 w-full\" data-aos=\"fade-up\" data-aos-duration=\"1700\"  data-aos-anchor-placement=\"top-bottom\">\n                                                    <\/p>\n                                            <\/div>\n                <\/div>\n            <\/div>\n            <\/section>\n\n\n\n\n\n<section class=\"la-section liste_services relative block py-12 lg:py-20\">\n    <div class=\"container mx-auto block relative\">\n                    <div class=\"flex flex-wrap gap-8 une-ligne items-stretch mb-10 lg:mb-24 \">\n                <div class=\"w-full md:w-[calc(50%_-_2rem)] titre\">\n                    <div class=\"flex items-end color-bleu mb-6\" data-aos=\"fade-up\" data-aos-duration=\"1300\">\n                        <span class=\"text-5xl lg:text-7xl font-black mr-2 relative en-after numero-trait\">\n                                                    <\/span>\n                        <h2 class=\"text-xl lg:text-3xl font-bold text-blue-900\">\n                                                    <\/h2>\n                    <\/div>\n\n                    <div class=\"text-lg\" data-aos=\"fade-up\" data-aos-duration=\"1700\">\n                        <p>Votre vie priv\u00e9e est importante pour nous chez Satlx. Nous respectons votre vie priv\u00e9e concernant toute information que nous pouvons recueillir aupr\u00e8s de vous sur notre site Web.<\/p>\n<p>&nbsp;<\/p>\n<p><strong>Editeur du Site :<\/strong><\/p>\n<p>SATLX IT SERVICES<br \/>\nSite Web : https:\/\/satlx.net\/<\/p>\n<p>&nbsp;<\/p>\n<p><strong>H\u00e9bergement :<\/strong><\/p>\n<p>Ikoula<br \/>\nRCS Nanterre B 417 680 618<br \/>\nTVA Intracommunautaire FR37417680618<br \/>\n175-177 rue d\u2019Aguesseau<br \/>\n92100 Boulogne Billancourt<br \/>\nFrance<br \/>\nT\u00e9l\u00e9phone : <a href=\"tel: +33 (0) 1 84 01 02 50\" target=\"_blank\" rel=\"noopener\">+33 (0) 1 84 01 02 50<\/a><br \/>\nT\u00e9l\u00e9copie : +33 (0) 1 84 01 02 50<br \/>\nURL du site : <a href=\"http:\/\/www.ikoula.com\" target=\"_blank\" rel=\"noopener\">www.ikoula.com<\/a><br \/>\nContact : <a href=\"mailto:ikoula@ikoula.com\" target=\"_blank\" rel=\"noopener\">ikoula@ikoula.com<\/a><\/p>\n<p>&nbsp;<\/p>\n<p><strong>Cr\u00e9dits :<\/strong><\/p>\n<p>Webdesign, direction artistique et conception : <a href=\"https:\/\/concertopr.com\/\" target=\"_blank\" rel=\"noopener\">Concerto<\/a><br \/>\nDakar \u2013 S\u00e9n\u00e9gal<\/p>\n<p>D\u00e9veloppement web : <a href=\"https:\/\/concertopr.com\/\" target=\"_blank\" rel=\"noopener\">Concerto<\/a><br \/>\nDakar \u2013 S\u00e9n\u00e9gal<\/p>\n                    <\/div>\n                <\/div>\n\n                <div class=\"w-full md:w-[calc(50%_-_2rem)]\">\n                                    <\/div>\n\n            <\/div>\n        \n\n\n\n    <\/div>\n<\/section>\n","protected":false},"excerpt":{"rendered":"","protected":false},"author":1,"featured_media":0,"parent":0,"menu_order":0,"comment_status":"closed","ping_status":"closed","template":"","meta":{"_acf_changed":false,"inline_featured_image":false,"footnotes":""},"class_list":["post-346","page","type-page","status-publish","hentry"],"acf":[],"yoast_head":"<!-- This site is optimized with the Yoast SEO plugin v27.4 - https:\/\/yoast.com\/product\/yoast-seo-wordpress\/ -->\n<title>Mentions l\u00e9gales - SATLX IT SERVICES<\/title>\n<meta name=\"robots\" content=\"index, follow, max-snippet:-1, max-image-preview:large, max-video-preview:-1\" \/>\n<link rel=\"canonical\" href=\"https:\/\/satlx.net\/en\/mentions-legales\/\" \/>\n<meta property=\"og:locale\" content=\"en_GB\" \/>\n<meta property=\"og:type\" content=\"article\" \/>\n<meta property=\"og:title\" content=\"Mentions l\u00e9gales - SATLX IT SERVICES\" \/>\n<meta property=\"og:url\" content=\"https:\/\/satlx.net\/en\/mentions-legales\/\" \/>\n<meta property=\"og:site_name\" content=\"SATLX IT SERVICES\" \/>\n<meta property=\"article:modified_time\" content=\"2025-07-25T11:25:15+00:00\" \/>\n<meta name=\"twitter:card\" content=\"summary_large_image\" \/>\n<script type=\"application\/ld+json\" class=\"yoast-schema-graph\">{\"@context\":\"https:\\\/\\\/schema.org\",\"@graph\":[{\"@type\":\"WebPage\",\"@id\":\"https:\\\/\\\/satlx.net\\\/mentions-legales\\\/\",\"url\":\"https:\\\/\\\/satlx.net\\\/mentions-legales\\\/\",\"name\":\"Mentions l\u00e9gales - SATLX IT SERVICES\",\"isPartOf\":{\"@id\":\"https:\\\/\\\/satlx.net\\\/#website\"},\"datePublished\":\"2025-06-29T17:42:40+00:00\",\"dateModified\":\"2025-07-25T11:25:15+00:00\",\"breadcrumb\":{\"@id\":\"https:\\\/\\\/satlx.net\\\/mentions-legales\\\/#breadcrumb\"},\"inLanguage\":\"en-GB\",\"potentialAction\":[{\"@type\":\"ReadAction\",\"target\":[\"https:\\\/\\\/satlx.net\\\/mentions-legales\\\/\"]}]},{\"@type\":\"BreadcrumbList\",\"@id\":\"https:\\\/\\\/satlx.net\\\/mentions-legales\\\/#breadcrumb\",\"itemListElement\":[{\"@type\":\"ListItem\",\"position\":1,\"name\":\"Accueil\",\"item\":\"https:\\\/\\\/satlx.net\\\/\"},{\"@type\":\"ListItem\",\"position\":2,\"name\":\"Mentions l\u00e9gales\"}]},{\"@type\":\"WebSite\",\"@id\":\"https:\\\/\\\/satlx.net\\\/#website\",\"url\":\"https:\\\/\\\/satlx.net\\\/\",\"name\":\"SATLX IT SERVICES\",\"description\":\"\",\"potentialAction\":[{\"@type\":\"SearchAction\",\"target\":{\"@type\":\"EntryPoint\",\"urlTemplate\":\"https:\\\/\\\/satlx.net\\\/?s={search_term_string}\"},\"query-input\":{\"@type\":\"PropertyValueSpecification\",\"valueRequired\":true,\"valueName\":\"search_term_string\"}}],\"inLanguage\":\"en-GB\"}]}<\/script>\n<!-- \/ Yoast SEO plugin. -->","yoast_head_json":{"title":"Mentions l\u00e9gales - SATLX IT SERVICES","robots":{"index":"index","follow":"follow","max-snippet":"max-snippet:-1","max-image-preview":"max-image-preview:large","max-video-preview":"max-video-preview:-1"},"canonical":"https:\/\/satlx.net\/en\/mentions-legales\/","og_locale":"en_GB","og_type":"article","og_title":"Mentions l\u00e9gales - SATLX IT SERVICES","og_url":"https:\/\/satlx.net\/en\/mentions-legales\/","og_site_name":"SATLX IT SERVICES","article_modified_time":"2025-07-25T11:25:15+00:00","twitter_card":"summary_large_image","schema":{"@context":"https:\/\/schema.org","@graph":[{"@type":"WebPage","@id":"https:\/\/satlx.net\/mentions-legales\/","url":"https:\/\/satlx.net\/mentions-legales\/","name":"Mentions l\u00e9gales - SATLX IT SERVICES","isPartOf":{"@id":"https:\/\/satlx.net\/#website"},"datePublished":"2025-06-29T17:42:40+00:00","dateModified":"2025-07-25T11:25:15+00:00","breadcrumb":{"@id":"https:\/\/satlx.net\/mentions-legales\/#breadcrumb"},"inLanguage":"en-GB","potentialAction":[{"@type":"ReadAction","target":["https:\/\/satlx.net\/mentions-legales\/"]}]},{"@type":"BreadcrumbList","@id":"https:\/\/satlx.net\/mentions-legales\/#breadcrumb","itemListElement":[{"@type":"ListItem","position":1,"name":"Accueil","item":"https:\/\/satlx.net\/"},{"@type":"ListItem","position":2,"name":"Mentions l\u00e9gales"}]},{"@type":"WebSite","@id":"https:\/\/satlx.net\/#website","url":"https:\/\/satlx.net\/","name":"SATLX IT SERVICES","description":"","potentialAction":[{"@type":"SearchAction","target":{"@type":"EntryPoint","urlTemplate":"https:\/\/satlx.net\/?s={search_term_string}"},"query-input":{"@type":"PropertyValueSpecification","valueRequired":true,"valueName":"search_term_string"}}],"inLanguage":"en-GB"}]}},"_links":{"self":[{"href":"https:\/\/satlx.net\/en\/wp-json\/wp\/v2\/pages\/346","targetHints":{"allow":["GET"]}}],"collection":[{"href":"https:\/\/satlx.net\/en\/wp-json\/wp\/v2\/pages"}],"about":[{"href":"https:\/\/satlx.net\/en\/wp-json\/wp\/v2\/types\/page"}],"author":[{"embeddable":true,"href":"https:\/\/satlx.net\/en\/wp-json\/wp\/v2\/users\/1"}],"replies":[{"embeddable":true,"href":"https:\/\/satlx.net\/en\/wp-json\/wp\/v2\/comments?post=346"}],"version-history":[{"count":6,"href":"https:\/\/satlx.net\/en\/wp-json\/wp\/v2\/pages\/346\/revisions"}],"predecessor-version":[{"id":1005,"href":"https:\/\/satlx.net\/en\/wp-json\/wp\/v2\/pages\/346\/revisions\/1005"}],"wp:attachment":[{"href":"https:\/\/satlx.net\/en\/wp-json\/wp\/v2\/media?parent=346"}],"curies":[{"name":"wp","href":"https:\/\/api.w.org\/{rel}","templated":true}]}}